{"id":3861,"date":"2019-10-07T16:29:43","date_gmt":"2019-10-07T14:29:43","guid":{"rendered":"https:\/\/www.lepicot.com\/product\/carouge-sweater\/"},"modified":"2022-03-21T09:23:22","modified_gmt":"2022-03-21T08:23:22","slug":"carouge-sweater","status":"publish","type":"product","link":"https:\/\/stage.lepicot.com\/de\/produkt\/carouge-sweater\/","title":{"rendered":"Carouge Sweater"},"content":{"rendered":"<h2>Details<\/h2>\n<p>Unser Carouge Sweater ist ein kleines Wunderwerk: Es w\u00e4rmt und k\u00fchlt gleichermassen \u2013 dank den einzigartigen Eigenschaften der Merino-Wolle, die wir verwenden. Das coole, minimalistische Design des Carouge Sweaters kommt durch einen raffiniereten Wollstrick besonders zur Geltung. Die Merino-Wolle bleibt geruchsneutral und trocknet schnell, perfekt f\u00fcr unterwegs in der Stadt. Im B\u00fcro oder in der Bar, das schicke Rundhalsmodell eignet sich f\u00fcr jeden Moment.<\/p>\n<p>Unser Model Nicolas ist 1,88&thinsp;m gross und tr\u00e4gt Gr\u00f6sse M.<\/p>\n<hr \/>\n<h2>Materialien<\/h2>\n<p>100% extrafeine Merino Wolle<\/p>\n<hr \/>\n<h2>Pflegehinweise<\/h2>\n<p><img loading=\"lazy\" decoding=\"async\" class=\"alignnone wp-image-4290\" src=\"https:\/\/www.lepicot.com\/wp-content\/uploads\/2019\/10\/Care_Labels8-300x34.jpg\" alt=\"\" width=\"247\" height=\"28\" srcset=\"https:\/\/stage.lepicot.com\/wp-content\/uploads\/2019\/10\/Care_Labels8-300x34.jpg 300w, https:\/\/stage.lepicot.com\/wp-content\/uploads\/2019\/10\/Care_Labels8-416x47.jpg 416w, https:\/\/stage.lepicot.com\/wp-content\/uploads\/2019\/10\/Care_Labels8.jpg 515w\" sizes=\"auto, (max-width: 247px) 100vw, 247px\" \/><\/p>\n<p><strong>Waschen:<\/strong> Handw\u00e4sche<br \/>\n<strong>Bleichen:<\/strong> Das Garn kann kein Chlor oder andere Bleichmittel aufnehmen<br \/>\n<strong>Trocknen:<\/strong> Nicht im W\u00e4schetrockner trocknen lassen, im Liegen trocknen<br \/>\n<strong>B\u00fcgeln:<\/strong> Mit tiefer Hitze<br \/>\n<strong>Chemische Reinigung:<\/strong> Mit allen L\u00f6sungsmitteln ausser Trichlorethylen<\/p>\n","protected":false},"excerpt":{"rendered":"<p>In den k\u00e4lteren Monaten schw\u00f6ren wir auf Merino-Wolle und den eleganten Carouge Sweater.<\/p>\n","protected":false},"featured_media":3767,"comment_status":"open","ping_status":"closed","template":"","meta":{"_acf_changed":false},"product_brand":[],"product_cat":[31],"product_tag":[],"class_list":{"0":"post-3861","1":"product","2":"type-product","3":"status-publish","4":"has-post-thumbnail","6":"product_cat-tops-de","8":"first","9":"instock","10":"taxable","11":"shipping-taxable","12":"purchasable","13":"product-type-variable"},"acf":[],"_links":{"self":[{"href":"https:\/\/stage.lepicot.com\/de\/wp-json\/wp\/v2\/product\/3861","targetHints":{"allow":["GET"]}}],"collection":[{"href":"https:\/\/stage.lepicot.com\/de\/wp-json\/wp\/v2\/product"}],"about":[{"href":"https:\/\/stage.lepicot.com\/de\/wp-json\/wp\/v2\/types\/product"}],"replies":[{"embeddable":true,"href":"https:\/\/stage.lepicot.com\/de\/wp-json\/wp\/v2\/comments?post=3861"}],"wp:featuredmedia":[{"embeddable":true,"href":"https:\/\/stage.lepicot.com\/de\/wp-json\/wp\/v2\/media\/3767"}],"wp:attachment":[{"href":"https:\/\/stage.lepicot.com\/de\/wp-json\/wp\/v2\/media?parent=3861"}],"wp:term":[{"taxonomy":"product_brand","embeddable":true,"href":"https:\/\/stage.lepicot.com\/de\/wp-json\/wp\/v2\/product_brand?post=3861"},{"taxonomy":"product_cat","embeddable":true,"href":"https:\/\/stage.lepicot.com\/de\/wp-json\/wp\/v2\/product_cat?post=3861"},{"taxonomy":"product_tag","embeddable":true,"href":"https:\/\/stage.lepicot.com\/de\/wp-json\/wp\/v2\/product_tag?post=3861"}],"curies":[{"name":"wp","href":"https:\/\/api.w.org\/{rel}","templated":true}]}}