{"id":3724,"date":"2019-10-10T13:52:44","date_gmt":"2019-10-10T11:52:44","guid":{"rendered":"https:\/\/www.lepicot.com\/product\/marzilli-socks\/"},"modified":"2020-10-19T07:39:50","modified_gmt":"2020-10-19T05:39:50","slug":"marzilli-socks","status":"publish","type":"product","link":"https:\/\/stage.lepicot.com\/de\/produkt\/marzilli-socks\/","title":{"rendered":"Marzili Socks"},"content":{"rendered":"<h2>Details<\/h2>\n<p>Die Marzili Socks k\u00f6nnen je nach Hosenl\u00e4nge ganz dezent das zur\u00fcckhaltende Schwarz oder Weiss zeigen. Wenn es aber etwas mehr sein darf, raten wir dir, die Hosenl\u00e4nge zu k\u00fcrzen und die orangen oder gelben Akzente aufblitzen zu lassen. Die Welt ist bunt gleich etwas sch\u00f6ner!<\/p>\n<hr \/>\n<h2>Materialien<\/h2>\n<ul>\n<li>57% Meryl<\/li>\n<li>22% Lycra<\/li>\n<li>10% Elastan<\/li>\n<li>12% Nylon<\/li>\n<\/ul>\n<hr \/>\n<h2>Pflegehinweise<\/h2>\n<p><img loading=\"lazy\" decoding=\"async\" class=\"alignnone wp-image-4282\" src=\"https:\/\/www.lepicot.com\/wp-content\/uploads\/2019\/12\/Care_Labels9-2-300x34.jpg\" alt=\"\" width=\"247\" height=\"28\" srcset=\"https:\/\/stage.lepicot.com\/wp-content\/uploads\/2019\/12\/Care_Labels9-2-300x34.jpg 300w, https:\/\/stage.lepicot.com\/wp-content\/uploads\/2019\/12\/Care_Labels9-2-416x47.jpg 416w, https:\/\/stage.lepicot.com\/wp-content\/uploads\/2019\/12\/Care_Labels9-2.jpg 515w\" sizes=\"auto, (max-width: 247px) 100vw, 247px\" \/><\/p>\n<p><strong>Waschen:<\/strong> Maschinenw\u00e4sche 30\u00baC max<br \/>\n<strong>Bleichen:<\/strong> Nicht bleichen<br \/>\n<strong>Trocknen:<\/strong> Tumbler mit Niedrigtemperatur<br \/>\n<strong>B\u00fcgeln:<\/strong> Nicht b\u00fcgeln<br \/>\n<strong>Chemische Reinigung:<\/strong> Nicht chemisch reinigen<\/p>\n","protected":false},"excerpt":{"rendered":"<p>Die Marzili Sportsocken sind vielf\u00e4ltig: ein Paar Socken, zwei M\u00f6glichkeiten.<\/p>\n","protected":false},"featured_media":3749,"comment_status":"open","ping_status":"closed","template":"","meta":{"_acf_changed":false},"product_brand":[],"product_cat":[32],"product_tag":[],"class_list":{"0":"post-3724","1":"product","2":"type-product","3":"status-publish","4":"has-post-thumbnail","6":"product_cat-bottoms-de","8":"first","9":"instock","10":"taxable","11":"shipping-taxable","12":"purchasable","13":"product-type-variable"},"acf":[],"_links":{"self":[{"href":"https:\/\/stage.lepicot.com\/de\/wp-json\/wp\/v2\/product\/3724","targetHints":{"allow":["GET"]}}],"collection":[{"href":"https:\/\/stage.lepicot.com\/de\/wp-json\/wp\/v2\/product"}],"about":[{"href":"https:\/\/stage.lepicot.com\/de\/wp-json\/wp\/v2\/types\/product"}],"replies":[{"embeddable":true,"href":"https:\/\/stage.lepicot.com\/de\/wp-json\/wp\/v2\/comments?post=3724"}],"wp:featuredmedia":[{"embeddable":true,"href":"https:\/\/stage.lepicot.com\/de\/wp-json\/wp\/v2\/media\/3749"}],"wp:attachment":[{"href":"https:\/\/stage.lepicot.com\/de\/wp-json\/wp\/v2\/media?parent=3724"}],"wp:term":[{"taxonomy":"product_brand","embeddable":true,"href":"https:\/\/stage.lepicot.com\/de\/wp-json\/wp\/v2\/product_brand?post=3724"},{"taxonomy":"product_cat","embeddable":true,"href":"https:\/\/stage.lepicot.com\/de\/wp-json\/wp\/v2\/product_cat?post=3724"},{"taxonomy":"product_tag","embeddable":true,"href":"https:\/\/stage.lepicot.com\/de\/wp-json\/wp\/v2\/product_tag?post=3724"}],"curies":[{"name":"wp","href":"https:\/\/api.w.org\/{rel}","templated":true}]}}