{"id":3714,"date":"2019-11-05T14:01:17","date_gmt":"2019-11-05T13:01:17","guid":{"rendered":"https:\/\/www.lepicot.com\/product\/letten-socks\/"},"modified":"2019-12-05T04:18:10","modified_gmt":"2019-12-05T03:18:10","slug":"letten-socks","status":"publish","type":"product","link":"https:\/\/stage.lepicot.com\/de\/produkt\/letten-socks\/","title":{"rendered":"Letten Socks"},"content":{"rendered":"<h2>Details<\/h2>\n<p>Auch etwas Allt\u00e4gliches wie Socken kann entz\u00fccken: Socken werden immer mehr als Stilmittel eingesetzt, dabei darf der Tragekomfort nicht vergessen werden. Mit dem nachhaltigen Material Bambus-Viskose garantieren wir nicht nur ein angenehmes Gef\u00fchl sondern auch ein gutes Gewissen. Die Letten Socks d\u00fcrfen aber gerne etwas mehr im Zentrum stehen, daher haben wir uns f\u00fcr einen gepunkteten Eyecatcher entschieden.<\/p>\n<hr \/>\n<h2>Materialien<\/h2>\n<ul>\n<li>80% Bambus-Viskose<\/li>\n<li>17% Polyamid<\/li>\n<li>3% Elastan<\/li>\n<\/ul>\n<hr \/>\n<h2>Pflegehinweise<\/h2>\n<p><img loading=\"lazy\" decoding=\"async\" class=\"alignnone wp-image-4282\" src=\"https:\/\/www.lepicot.com\/wp-content\/uploads\/2019\/12\/Care_Labels9-2-300x34.jpg\" alt=\"\" width=\"247\" height=\"28\" srcset=\"https:\/\/stage.lepicot.com\/wp-content\/uploads\/2019\/12\/Care_Labels9-2-300x34.jpg 300w, https:\/\/stage.lepicot.com\/wp-content\/uploads\/2019\/12\/Care_Labels9-2-416x47.jpg 416w, https:\/\/stage.lepicot.com\/wp-content\/uploads\/2019\/12\/Care_Labels9-2.jpg 515w\" sizes=\"auto, (max-width: 247px) 100vw, 247px\" \/><\/p>\n<p><strong>Waschen:<\/strong> Maschinenw\u00e4sche 30\u00baC max<br \/>\n<strong>Bleichen:<\/strong> Nicht bleichen<br \/>\n<strong>Trocknen:<\/strong> W\u00e4schetrockner mit Niedrigtemperatur<br \/>\n<strong>B\u00fcgeln:<\/strong> Nicht b\u00fcgeln<br \/>\n<strong>Chemische Reinigung:<\/strong> Nicht chemisch reinigen<\/p>\n","protected":false},"excerpt":{"rendered":"<p>Hochwertige Socken mit Pepp: Die Letten Socks machen den Alltag etwas spezieller.<\/p>\n","protected":false},"featured_media":3741,"comment_status":"open","ping_status":"closed","template":"","meta":{"_acf_changed":false},"product_brand":[],"product_cat":[32],"product_tag":[],"class_list":{"0":"post-3714","1":"product","2":"type-product","3":"status-publish","4":"has-post-thumbnail","6":"product_cat-bottoms-de","8":"first","9":"instock","10":"taxable","11":"shipping-taxable","12":"purchasable","13":"product-type-variable"},"acf":[],"_links":{"self":[{"href":"https:\/\/stage.lepicot.com\/de\/wp-json\/wp\/v2\/product\/3714","targetHints":{"allow":["GET"]}}],"collection":[{"href":"https:\/\/stage.lepicot.com\/de\/wp-json\/wp\/v2\/product"}],"about":[{"href":"https:\/\/stage.lepicot.com\/de\/wp-json\/wp\/v2\/types\/product"}],"replies":[{"embeddable":true,"href":"https:\/\/stage.lepicot.com\/de\/wp-json\/wp\/v2\/comments?post=3714"}],"wp:featuredmedia":[{"embeddable":true,"href":"https:\/\/stage.lepicot.com\/de\/wp-json\/wp\/v2\/media\/3741"}],"wp:attachment":[{"href":"https:\/\/stage.lepicot.com\/de\/wp-json\/wp\/v2\/media?parent=3714"}],"wp:term":[{"taxonomy":"product_brand","embeddable":true,"href":"https:\/\/stage.lepicot.com\/de\/wp-json\/wp\/v2\/product_brand?post=3714"},{"taxonomy":"product_cat","embeddable":true,"href":"https:\/\/stage.lepicot.com\/de\/wp-json\/wp\/v2\/product_cat?post=3714"},{"taxonomy":"product_tag","embeddable":true,"href":"https:\/\/stage.lepicot.com\/de\/wp-json\/wp\/v2\/product_tag?post=3714"}],"curies":[{"name":"wp","href":"https:\/\/api.w.org\/{rel}","templated":true}]}}