{"id":3712,"date":"2019-11-05T13:59:12","date_gmt":"2019-11-05T12:59:12","guid":{"rendered":"https:\/\/www.lepicot.com\/product\/calanda-beanie\/"},"modified":"2021-06-09T11:35:38","modified_gmt":"2021-06-09T09:35:38","slug":"calanda-beanie","status":"publish","type":"product","link":"https:\/\/stage.lepicot.com\/de\/produkt\/calanda-beanie\/","title":{"rendered":"Calanda Beanie"},"content":{"rendered":"<h2>Details<\/h2>\n<p>Beanies sch\u00fctzen unseren Kopf vor K\u00e4lte, aber wir sehen es auch als ein individuelles Stilelement. Unser Calanda Beanie kannst du ganz gem\u00e4ss deinem Stil anpassen und tragen. Die dunkle Farbe der Merino-Wolle passt zu jedem Outfit und als kleine Finesse haben wir zwei orange Linien integriert \u2013 ganz Le Picot-Style.<\/p>\n<hr \/>\n<h2>Materialien<\/h2>\n<p>100% extrafeine Merino Wolle<\/p>\n<hr \/>\n<h2>Pflegehinweise<\/h2>\n<p><img loading=\"lazy\" decoding=\"async\" class=\"alignnone wp-image-4261\" src=\"https:\/\/www.lepicot.com\/wp-content\/uploads\/2019\/12\/Care_Labels-300x34.jpg\" alt=\"\" width=\"247\" height=\"28\" srcset=\"https:\/\/stage.lepicot.com\/wp-content\/uploads\/2019\/12\/Care_Labels-300x34.jpg 300w, https:\/\/stage.lepicot.com\/wp-content\/uploads\/2019\/12\/Care_Labels-416x47.jpg 416w, https:\/\/stage.lepicot.com\/wp-content\/uploads\/2019\/12\/Care_Labels.jpg 515w\" sizes=\"auto, (max-width: 247px) 100vw, 247px\" \/><\/p>\n<p><strong>Waschen:<\/strong> Handw\u00e4sche<br \/>\n<strong>Bleichen:<\/strong> Das Garn kann kein Chlor oder andere Bleichmittel aufnehmen<br \/>\n<strong>Trocknen:<\/strong> Nicht im W\u00e4schetrockner trocknen lassen<br \/>\n<strong>B\u00fcgeln:<\/strong> Mit tiefer Hitze<br \/>\n<strong>Chemische Reinigung:<\/strong> Mit allen L\u00f6sungsmitteln au\u00dfer Trichlorethylen<\/p>\n","protected":false},"excerpt":{"rendered":"<p>Kalte Ohren gibt es bei uns nicht: Das Calanda Beanie w\u00e4rmt mit Stil.<\/p>\n","protected":false},"featured_media":7097,"comment_status":"open","ping_status":"closed","template":"","meta":{"_acf_changed":false},"product_brand":[],"product_cat":[31],"product_tag":[],"class_list":{"0":"post-3712","1":"product","2":"type-product","3":"status-publish","4":"has-post-thumbnail","6":"product_cat-tops-de","8":"first","9":"instock","10":"taxable","11":"shipping-taxable","12":"purchasable","13":"product-type-variable"},"acf":[],"_links":{"self":[{"href":"https:\/\/stage.lepicot.com\/de\/wp-json\/wp\/v2\/product\/3712","targetHints":{"allow":["GET"]}}],"collection":[{"href":"https:\/\/stage.lepicot.com\/de\/wp-json\/wp\/v2\/product"}],"about":[{"href":"https:\/\/stage.lepicot.com\/de\/wp-json\/wp\/v2\/types\/product"}],"replies":[{"embeddable":true,"href":"https:\/\/stage.lepicot.com\/de\/wp-json\/wp\/v2\/comments?post=3712"}],"wp:featuredmedia":[{"embeddable":true,"href":"https:\/\/stage.lepicot.com\/de\/wp-json\/wp\/v2\/media\/7097"}],"wp:attachment":[{"href":"https:\/\/stage.lepicot.com\/de\/wp-json\/wp\/v2\/media?parent=3712"}],"wp:term":[{"taxonomy":"product_brand","embeddable":true,"href":"https:\/\/stage.lepicot.com\/de\/wp-json\/wp\/v2\/product_brand?post=3712"},{"taxonomy":"product_cat","embeddable":true,"href":"https:\/\/stage.lepicot.com\/de\/wp-json\/wp\/v2\/product_cat?post=3712"},{"taxonomy":"product_tag","embeddable":true,"href":"https:\/\/stage.lepicot.com\/de\/wp-json\/wp\/v2\/product_tag?post=3712"}],"curies":[{"name":"wp","href":"https:\/\/api.w.org\/{rel}","templated":true}]}}