{"id":3706,"date":"2019-11-05T13:27:28","date_gmt":"2019-11-05T12:27:28","guid":{"rendered":"https:\/\/www.lepicot.com\/product\/gellert-shirt\/"},"modified":"2019-12-11T13:40:51","modified_gmt":"2019-12-11T12:40:51","slug":"gellert-shirt","status":"publish","type":"product","link":"https:\/\/stage.lepicot.com\/de\/produkt\/gellert-shirt\/","title":{"rendered":"Gellert Shirt"},"content":{"rendered":"<h2>Details<\/h2>\n<p>Das Gellert Shirt \u00fcberzeugt bereits durch seine Optik. Verlieben wird man sich aber vor allem in seine Finessen! Wir haben uns in der Entwicklung des Gellert Shirts f\u00fcr besondere Details entschieden: Die versteckten Brust- und R\u00fcckentasche erinnern an unsere Fahrradwurzeln und die praktischen Buttons mit Clip-Verschluss am Hals und Saum kann man selbst einh\u00e4ndig \u00f6ffnen. Nat\u00fcrlich verzichten wir auch bei diesem edlen St\u00fcck nicht auf die seitlichen Reflektoren oder die elegante orange Ziernaht innerhalb des Kragens.<\/p>\n<p>Unser Model Paul 1,89&thinsp;mm gross und tr\u00e4gt Gr\u00f6sse M.<\/p>\n<p>Dieses Produkt ist ab Januar 2020 erh\u00e4ltlich.<\/p>\n<hr \/>\n<h2>Materialien<\/h2>\n<p>100% Bio-Wolle<\/p>\n<hr \/>\n<h2>Pflegehinweise<\/h2>\n<p><img loading=\"lazy\" decoding=\"async\" class=\"alignnone wp-image-4272\" src=\"https:\/\/www.lepicot.com\/wp-content\/uploads\/2019\/12\/Care_Labels4-300x34.jpg\" alt=\"\" width=\"247\" height=\"28\" srcset=\"https:\/\/stage.lepicot.com\/wp-content\/uploads\/2019\/12\/Care_Labels4-300x34.jpg 300w, https:\/\/stage.lepicot.com\/wp-content\/uploads\/2019\/12\/Care_Labels4-416x47.jpg 416w, https:\/\/stage.lepicot.com\/wp-content\/uploads\/2019\/12\/Care_Labels4.jpg 515w\" sizes=\"auto, (max-width: 247px) 100vw, 247px\" \/><\/p>\n<p><strong>Waschen:<\/strong> Handw\u00e4sche<br \/>\n<strong>Bleichen:<\/strong> Nicht bleichen<br \/>\n<strong>Trocknen:<\/strong> Nicht im W\u00e4schetrockner trocknen lassen<br \/>\n<strong>B\u00fcgeln:<\/strong> Mit tiefer Hitze<br \/>\n<strong>Chemische Reinigung:<\/strong>\u00a0geeignet f\u00fcr chemische Reinigung<\/p>\n","protected":false},"excerpt":{"rendered":"<p>Das Gellert Shirt erf\u00fcllt uns mit besonderem Stolz: Es vereint Geschichte und Innovation.<\/p>\n","protected":false},"featured_media":7106,"comment_status":"open","ping_status":"closed","template":"","meta":{"_acf_changed":false},"product_brand":[],"product_cat":[31],"product_tag":[],"class_list":{"0":"post-3706","1":"product","2":"type-product","3":"status-publish","4":"has-post-thumbnail","6":"product_cat-tops-de","8":"first","9":"outofstock","10":"taxable","11":"shipping-taxable","12":"purchasable","13":"product-type-variable"},"acf":[],"_links":{"self":[{"href":"https:\/\/stage.lepicot.com\/de\/wp-json\/wp\/v2\/product\/3706","targetHints":{"allow":["GET"]}}],"collection":[{"href":"https:\/\/stage.lepicot.com\/de\/wp-json\/wp\/v2\/product"}],"about":[{"href":"https:\/\/stage.lepicot.com\/de\/wp-json\/wp\/v2\/types\/product"}],"replies":[{"embeddable":true,"href":"https:\/\/stage.lepicot.com\/de\/wp-json\/wp\/v2\/comments?post=3706"}],"wp:featuredmedia":[{"embeddable":true,"href":"https:\/\/stage.lepicot.com\/de\/wp-json\/wp\/v2\/media\/7106"}],"wp:attachment":[{"href":"https:\/\/stage.lepicot.com\/de\/wp-json\/wp\/v2\/media?parent=3706"}],"wp:term":[{"taxonomy":"product_brand","embeddable":true,"href":"https:\/\/stage.lepicot.com\/de\/wp-json\/wp\/v2\/product_brand?post=3706"},{"taxonomy":"product_cat","embeddable":true,"href":"https:\/\/stage.lepicot.com\/de\/wp-json\/wp\/v2\/product_cat?post=3706"},{"taxonomy":"product_tag","embeddable":true,"href":"https:\/\/stage.lepicot.com\/de\/wp-json\/wp\/v2\/product_tag?post=3706"}],"curies":[{"name":"wp","href":"https:\/\/api.w.org\/{rel}","templated":true}]}}