{"id":3678,"date":"2019-10-07T15:15:25","date_gmt":"2019-10-07T13:15:25","guid":{"rendered":"https:\/\/www.lepicot.com\/product\/k4-hoodie\/"},"modified":"2020-02-03T16:50:30","modified_gmt":"2020-02-03T15:50:30","slug":"k4-hoodie","status":"publish","type":"product","link":"https:\/\/stage.lepicot.com\/de\/produkt\/k4-hoodie\/","title":{"rendered":"K4 Hoodie"},"content":{"rendered":"<h2>Details<\/h2>\n<p>An gewissen Tagen oder in bestimmten Situationen will man in k\u00fcrzester Zeit f\u00fcr den ganzen Tag bereit sein. Nichts leichter als das: Mit dem K4 Hoodie bist du sofort startklar. Schl\u00fcssel, Portemonnaie etc. lassen sich einfach in den seitlichen Taschen verstauen und die seitlichen Reflektoren machen dich auch bei hohem Tempo im Strassenverkehr gut sichtbar. Ein kleines R\u00fcckendetail kommt erst richtig zur Geltung, wenn die Kapuze zum Einsatz kommt: unser eingen\u00e4htes Logo.<\/p>\n<p>Unser Model Paul 1,89&thinsp;m gross und tr\u00e4gt Gr\u00f6sse M.<\/p>\n<hr \/>\n<h2>Materialien<\/h2>\n<p>100% Bio-Baumwolle<\/p>\n<hr \/>\n<h2>Pflegehinweise<\/h2>\n<p><img loading=\"lazy\" decoding=\"async\" class=\"alignnone wp-image-4267\" src=\"https:\/\/www.lepicot.com\/wp-content\/uploads\/2019\/12\/Care_Labels2-300x34.jpg\" alt=\"\" width=\"247\" height=\"28\" srcset=\"https:\/\/stage.lepicot.com\/wp-content\/uploads\/2019\/12\/Care_Labels2-300x34.jpg 300w, https:\/\/stage.lepicot.com\/wp-content\/uploads\/2019\/12\/Care_Labels2-416x47.jpg 416w, https:\/\/stage.lepicot.com\/wp-content\/uploads\/2019\/12\/Care_Labels2.jpg 515w\" sizes=\"auto, (max-width: 247px) 100vw, 247px\" \/><\/p>\n<p><strong>Waschen:<\/strong> Maschinenw\u00e4sche 30\u00baC max<br \/>\n<strong>Bleichen:<\/strong> Nicht bleichen<br \/>\n<strong>Trocknen:<\/strong> Nicht im W\u00e4schetrockner trocknen lassen<br \/>\n<strong>B\u00fcgeln:<\/strong> Mit tiefer Hitze<br \/>\n<strong>Chemische Reinigung:<\/strong> Nicht chemisch reinigen<\/p>\n","protected":false},"excerpt":{"rendered":"<p>\u00dcber den Kopf ziehen und wohlf\u00fchlen. Nichts erf\u00fcllt dieses Bed\u00fcrfnis so gut, wie unser K4 Hoodie!<\/p>\n","protected":false},"featured_media":7150,"comment_status":"open","ping_status":"closed","template":"","meta":{"_acf_changed":false},"product_brand":[],"product_cat":[31],"product_tag":[],"class_list":{"0":"post-3678","1":"product","2":"type-product","3":"status-publish","4":"has-post-thumbnail","6":"product_cat-tops-de","8":"first","9":"outofstock","10":"taxable","11":"shipping-taxable","12":"purchasable","13":"product-type-variable"},"acf":[],"_links":{"self":[{"href":"https:\/\/stage.lepicot.com\/de\/wp-json\/wp\/v2\/product\/3678","targetHints":{"allow":["GET"]}}],"collection":[{"href":"https:\/\/stage.lepicot.com\/de\/wp-json\/wp\/v2\/product"}],"about":[{"href":"https:\/\/stage.lepicot.com\/de\/wp-json\/wp\/v2\/types\/product"}],"replies":[{"embeddable":true,"href":"https:\/\/stage.lepicot.com\/de\/wp-json\/wp\/v2\/comments?post=3678"}],"wp:featuredmedia":[{"embeddable":true,"href":"https:\/\/stage.lepicot.com\/de\/wp-json\/wp\/v2\/media\/7150"}],"wp:attachment":[{"href":"https:\/\/stage.lepicot.com\/de\/wp-json\/wp\/v2\/media?parent=3678"}],"wp:term":[{"taxonomy":"product_brand","embeddable":true,"href":"https:\/\/stage.lepicot.com\/de\/wp-json\/wp\/v2\/product_brand?post=3678"},{"taxonomy":"product_cat","embeddable":true,"href":"https:\/\/stage.lepicot.com\/de\/wp-json\/wp\/v2\/product_cat?post=3678"},{"taxonomy":"product_tag","embeddable":true,"href":"https:\/\/stage.lepicot.com\/de\/wp-json\/wp\/v2\/product_tag?post=3678"}],"curies":[{"name":"wp","href":"https:\/\/api.w.org\/{rel}","templated":true}]}}