{"id":3672,"date":"2019-10-11T11:14:28","date_gmt":"2019-10-11T09:14:28","guid":{"rendered":"https:\/\/www.lepicot.com\/product\/k5-sweatshirt\/"},"modified":"2019-12-05T09:40:16","modified_gmt":"2019-12-05T08:40:16","slug":"k5-sweatshirt","status":"publish","type":"product","link":"https:\/\/stage.lepicot.com\/de\/produkt\/k5-sweatshirt\/","title":{"rendered":"K5 Sweatshirt"},"content":{"rendered":"<h2>Details<\/h2>\n<p>Ein Sweatshirt wie Z\u00fcrichs Kreis 5-Quartier, mit vielen auf den ersten Blick versteckten Talenten: Hergestellt aus 100% Bio-Baumwolle, besitzt es eine versteckte Brusttasche f\u00fcr Kleinigkeiten und zwei seitliche Reflektoren f\u00fcr die wilden Fahrten in der Dunkelheit. Ein Sweatshirt f\u00fcr sportliche L\u00e4ssigkeit, allerdings mit einer grosser Portion Finesse.<\/p>\n<p>Unser Model Nicolas ist 1,88&thinsp;m gross und tr\u00e4gt Gr\u00f6sse M.<\/p>\n<hr \/>\n<h2>Materialien<\/h2>\n<p>100% Bio-Baumwolle<\/p>\n<hr \/>\n<h2>Pflegehinweise<\/h2>\n<p><img loading=\"lazy\" decoding=\"async\" class=\"alignnone wp-image-4267\" src=\"https:\/\/www.lepicot.com\/wp-content\/uploads\/2019\/12\/Care_Labels2-300x34.jpg\" alt=\"\" width=\"247\" height=\"28\" srcset=\"https:\/\/stage.lepicot.com\/wp-content\/uploads\/2019\/12\/Care_Labels2-300x34.jpg 300w, https:\/\/stage.lepicot.com\/wp-content\/uploads\/2019\/12\/Care_Labels2-416x47.jpg 416w, https:\/\/stage.lepicot.com\/wp-content\/uploads\/2019\/12\/Care_Labels2.jpg 515w\" sizes=\"auto, (max-width: 247px) 100vw, 247px\" \/><\/p>\n<p><strong>Waschen:<\/strong> Maschinenw\u00e4sche 30\u00baC max<br \/>\n<strong>Bleichen:<\/strong> Nicht bleichen<br \/>\n<strong>Trocknen:<\/strong> Nicht im W\u00e4schetrockner trocknen lassen<br \/>\n<strong>B\u00fcgeln:<\/strong> Mit tiefer Hitze<br \/>\n<strong>Chemische Reinigung:<\/strong> Nicht chemische reinigen<\/p>\n","protected":false},"excerpt":{"rendered":"<p>Schnell und bequem auf das Fahrrad steigen und los geht\u2019s. Mit dem K5 Sweatshirt kann die Jacke auch einmal zu Hause bleiben.<\/p>\n","protected":false},"featured_media":3996,"comment_status":"open","ping_status":"closed","template":"","meta":{"_acf_changed":false},"product_brand":[],"product_cat":[31],"product_tag":[],"class_list":{"0":"post-3672","1":"product","2":"type-product","3":"status-publish","4":"has-post-thumbnail","6":"product_cat-tops-de","8":"first","9":"instock","10":"taxable","11":"shipping-taxable","12":"purchasable","13":"product-type-variable"},"acf":[],"_links":{"self":[{"href":"https:\/\/stage.lepicot.com\/de\/wp-json\/wp\/v2\/product\/3672","targetHints":{"allow":["GET"]}}],"collection":[{"href":"https:\/\/stage.lepicot.com\/de\/wp-json\/wp\/v2\/product"}],"about":[{"href":"https:\/\/stage.lepicot.com\/de\/wp-json\/wp\/v2\/types\/product"}],"replies":[{"embeddable":true,"href":"https:\/\/stage.lepicot.com\/de\/wp-json\/wp\/v2\/comments?post=3672"}],"wp:featuredmedia":[{"embeddable":true,"href":"https:\/\/stage.lepicot.com\/de\/wp-json\/wp\/v2\/media\/3996"}],"wp:attachment":[{"href":"https:\/\/stage.lepicot.com\/de\/wp-json\/wp\/v2\/media?parent=3672"}],"wp:term":[{"taxonomy":"product_brand","embeddable":true,"href":"https:\/\/stage.lepicot.com\/de\/wp-json\/wp\/v2\/product_brand?post=3672"},{"taxonomy":"product_cat","embeddable":true,"href":"https:\/\/stage.lepicot.com\/de\/wp-json\/wp\/v2\/product_cat?post=3672"},{"taxonomy":"product_tag","embeddable":true,"href":"https:\/\/stage.lepicot.com\/de\/wp-json\/wp\/v2\/product_tag?post=3672"}],"curies":[{"name":"wp","href":"https:\/\/api.w.org\/{rel}","templated":true}]}}