{"id":3635,"date":"2019-10-07T11:11:58","date_gmt":"2019-10-07T09:11:58","guid":{"rendered":"https:\/\/www.lepicot.com\/product\/san-salvatore-jacket\/"},"modified":"2020-02-05T16:04:43","modified_gmt":"2020-02-05T15:04:43","slug":"san-salvatore-jacket","status":"publish","type":"product","link":"https:\/\/stage.lepicot.com\/de\/produkt\/san-salvatore-jacket\/","title":{"rendered":"San Salvatore Jacket"},"content":{"rendered":"<h2>Details<\/h2>\n<p>Mit der San Salvatore Jacke hast du einen t\u00e4glichen Begleiter: Das wasserabweisende Material inklusive Zipper sch\u00fctzen dich nicht nur vor Regen, sondern auch vor kalten Windb\u00f6en. Bequemer Komfort und W\u00e4rme garantiert dir die gesteppte Baumwoll-F\u00fctterung. In der bist du aber nicht nur stilvoll, sondern auch sicher unterwegs \u2013 dank den \u00abRubber\u00bb- Logos an den Handgelenken und dem reflektierenden Abschluss am R\u00fccken. Ausserdem bieten die versteckten Taschen ausreichend Stauraum f\u00fcr all die kleinen Dinge, mit denen man eben so unterwegs ist.<\/p>\n<p>Mit der San Salvatore Jacke bist du f\u00fcr viele Situationen gut ger\u00fcstet: Auf dem Weg ins B\u00fcro oder Atelier, unterwegs zum Spiel deiner Lieblingsmannschaft, zu einem Drink mit Freunden, einem Ausflug in die Berge oder f\u00fcr ein unerwartetes Date.<\/p>\n<p>Unser Model Paul ist 1,89\u2009m gross und tr\u00e4gt Gr\u00f6sse M.<\/p>\n<p>Dieses Produkt ist ab Januar 2020 erh\u00e4ltlich.<\/p>\n<hr \/>\n<h2>Materialien<\/h2>\n<ul>\n<li><strong>Aussenseite:<\/strong> 77% Polyamide, 17% Polyamide (micro), 6% Elastane<\/li>\n<li><strong>Polsterung:<\/strong> 100% Polyester<\/li>\n<li><strong>Innenfutter:<\/strong> 100% Baumwolle<\/li>\n<\/ul>\n<hr \/>\n<h2>Pflegehinweise<\/h2>\n<h2><img loading=\"lazy\" decoding=\"async\" class=\"alignnone wp-image-4263\" src=\"https:\/\/www.lepicot.com\/wp-content\/uploads\/2019\/12\/Care_Labels-300x34.jpg\" alt=\"\" width=\"247\" height=\"28\" srcset=\"https:\/\/stage.lepicot.com\/wp-content\/uploads\/2019\/12\/Care_Labels-300x34.jpg 300w, https:\/\/stage.lepicot.com\/wp-content\/uploads\/2019\/12\/Care_Labels-416x47.jpg 416w, https:\/\/stage.lepicot.com\/wp-content\/uploads\/2019\/12\/Care_Labels.jpg 515w\" sizes=\"auto, (max-width: 247px) 100vw, 247px\" \/><\/h2>\n<p><strong>Waschen:<\/strong> Maschinenw\u00e4sche 40\u00baC max<br \/>\n<strong>Bleichen:<\/strong> Nicht bleichen<br \/>\n<strong>Trocknen:<\/strong> Nicht im W\u00e4schetrockner trocknen lassen<br \/>\n<strong>B\u00fcgeln:<\/strong> Mit tiefer Hitze<br \/>\n<strong>Chemische Reinigung:<\/strong> nur mit Petroleum chemisch reinigen<\/p>\n","protected":false},"excerpt":{"rendered":"<p>Ein Multitalent f\u00fcr jede Lebenslage: schlicht, elegant aber durchdacht. Die San Salvatore Jacke ist ein wahrer Allesk\u00f6nner. Mit ihr trotzt du jedem Wetter.<\/p>\n<div><\/div>\n<div><\/div>\n","protected":false},"featured_media":7187,"comment_status":"open","ping_status":"closed","template":"","meta":{"_acf_changed":false},"product_brand":[],"product_cat":[31],"product_tag":[],"class_list":{"0":"post-3635","1":"product","2":"type-product","3":"status-publish","4":"has-post-thumbnail","6":"product_cat-tops-de","8":"first","9":"instock","10":"taxable","11":"shipping-taxable","12":"purchasable","13":"product-type-variable"},"acf":[],"_links":{"self":[{"href":"https:\/\/stage.lepicot.com\/de\/wp-json\/wp\/v2\/product\/3635","targetHints":{"allow":["GET"]}}],"collection":[{"href":"https:\/\/stage.lepicot.com\/de\/wp-json\/wp\/v2\/product"}],"about":[{"href":"https:\/\/stage.lepicot.com\/de\/wp-json\/wp\/v2\/types\/product"}],"replies":[{"embeddable":true,"href":"https:\/\/stage.lepicot.com\/de\/wp-json\/wp\/v2\/comments?post=3635"}],"wp:featuredmedia":[{"embeddable":true,"href":"https:\/\/stage.lepicot.com\/de\/wp-json\/wp\/v2\/media\/7187"}],"wp:attachment":[{"href":"https:\/\/stage.lepicot.com\/de\/wp-json\/wp\/v2\/media?parent=3635"}],"wp:term":[{"taxonomy":"product_brand","embeddable":true,"href":"https:\/\/stage.lepicot.com\/de\/wp-json\/wp\/v2\/product_brand?post=3635"},{"taxonomy":"product_cat","embeddable":true,"href":"https:\/\/stage.lepicot.com\/de\/wp-json\/wp\/v2\/product_cat?post=3635"},{"taxonomy":"product_tag","embeddable":true,"href":"https:\/\/stage.lepicot.com\/de\/wp-json\/wp\/v2\/product_tag?post=3635"}],"curies":[{"name":"wp","href":"https:\/\/api.w.org\/{rel}","templated":true}]}}