{"id":3318,"date":"2019-11-05T14:02:51","date_gmt":"2019-11-05T13:02:51","guid":{"rendered":"https:\/\/www.lepicot.com\/product\/dolder-socks\/"},"modified":"2019-12-05T04:17:17","modified_gmt":"2019-12-05T03:17:17","slug":"dolder-socks","status":"publish","type":"product","link":"https:\/\/stage.lepicot.com\/de\/produkt\/dolder-socks\/","title":{"rendered":"Dolder Socks"},"content":{"rendered":"<h2>Details<\/h2>\n<p>Auch etwas Allt\u00e4gliches wie Socken kann entz\u00fccken: Socken werden immer mehr als Stilmittel eingesetzt, dabei darf der Tragekomfort nicht vergessen werden. Mit dem nachhaltigen Material Bambus-Viskose garantieren wir nicht nur ein angenehmes Gef\u00fchl, sondern auch ein gutes Gewissen. Bei den Dolder Socks haben wir dezente Grundfarben daf\u00fcr bunten Abschl\u00fcsse gew\u00e4hlt.<\/p>\n<hr \/>\n<h2>Materialien<\/h2>\n<ul>\n<li>80% Bambus-Viskose<\/li>\n<li>17% Polyamid<\/li>\n<li>3% Elastan<\/li>\n<\/ul>\n<hr \/>\n<h2>Pflegehinweise<\/h2>\n<p><img loading=\"lazy\" decoding=\"async\" class=\"alignnone wp-image-4281\" src=\"https:\/\/www.lepicot.com\/wp-content\/uploads\/2019\/12\/Care_Labels9-2-300x34.jpg\" alt=\"\" width=\"247\" height=\"28\" srcset=\"https:\/\/stage.lepicot.com\/wp-content\/uploads\/2019\/12\/Care_Labels9-2-300x34.jpg 300w, https:\/\/stage.lepicot.com\/wp-content\/uploads\/2019\/12\/Care_Labels9-2-416x47.jpg 416w, https:\/\/stage.lepicot.com\/wp-content\/uploads\/2019\/12\/Care_Labels9-2.jpg 515w\" sizes=\"auto, (max-width: 247px) 100vw, 247px\" \/><\/p>\n<p><strong>Waschen:<\/strong> Maschinenw\u00e4sche 30\u00baC max<br \/>\n<strong>Bleichen:<\/strong> Nicht bleichen<br \/>\n<strong>Trocknen:<\/strong> W\u00e4schetrockner mit Niedrigtemperatur<br \/>\n<strong>B\u00fcgeln:<\/strong> Nicht b\u00fcgeln<br \/>\n<strong>Chemische Reinigung:<\/strong> Nicht chemisch reinigen<\/p>\n","protected":false},"excerpt":{"rendered":"<p>Speziell und doch dezent, unsere Dolder Socks sind stilvoll f\u00fcr jeden Tag.<\/p>\n","protected":false},"featured_media":3632,"comment_status":"open","ping_status":"closed","template":"","meta":{"_acf_changed":false},"product_brand":[],"product_cat":[32],"product_tag":[],"class_list":{"0":"post-3318","1":"product","2":"type-product","3":"status-publish","4":"has-post-thumbnail","6":"product_cat-bottoms-de","8":"first","9":"instock","10":"taxable","11":"shipping-taxable","12":"purchasable","13":"product-type-variable"},"acf":[],"_links":{"self":[{"href":"https:\/\/stage.lepicot.com\/de\/wp-json\/wp\/v2\/product\/3318","targetHints":{"allow":["GET"]}}],"collection":[{"href":"https:\/\/stage.lepicot.com\/de\/wp-json\/wp\/v2\/product"}],"about":[{"href":"https:\/\/stage.lepicot.com\/de\/wp-json\/wp\/v2\/types\/product"}],"replies":[{"embeddable":true,"href":"https:\/\/stage.lepicot.com\/de\/wp-json\/wp\/v2\/comments?post=3318"}],"wp:featuredmedia":[{"embeddable":true,"href":"https:\/\/stage.lepicot.com\/de\/wp-json\/wp\/v2\/media\/3632"}],"wp:attachment":[{"href":"https:\/\/stage.lepicot.com\/de\/wp-json\/wp\/v2\/media?parent=3318"}],"wp:term":[{"taxonomy":"product_brand","embeddable":true,"href":"https:\/\/stage.lepicot.com\/de\/wp-json\/wp\/v2\/product_brand?post=3318"},{"taxonomy":"product_cat","embeddable":true,"href":"https:\/\/stage.lepicot.com\/de\/wp-json\/wp\/v2\/product_cat?post=3318"},{"taxonomy":"product_tag","embeddable":true,"href":"https:\/\/stage.lepicot.com\/de\/wp-json\/wp\/v2\/product_tag?post=3318"}],"curies":[{"name":"wp","href":"https:\/\/api.w.org\/{rel}","templated":true}]}}